{"id":1019,"date":"2021-03-21T22:19:16","date_gmt":"2021-03-21T21:19:16","guid":{"rendered":"https:\/\/musiconthestring.com\/?page_id=1019"},"modified":"2023-11-26T22:04:39","modified_gmt":"2023-11-26T21:04:39","slug":"biography","status":"publish","type":"page","link":"https:\/\/musiconthestring.com\/fr\/biography\/","title":{"rendered":"Biographie"},"content":{"rendered":"<div data-elementor-type=\"wp-page\" data-elementor-id=\"1019\" class=\"elementor elementor-1019\" data-elementor-post-type=\"page\">\n\t\t\t\t\t\t<section class=\"elementor-section elementor-top-section elementor-element elementor-element-2afec59d elementor-section-boxed elementor-section-height-default elementor-section-height-default\" data-id=\"2afec59d\" data-element_type=\"section\" data-settings=\"{&quot;background_background&quot;:&quot;classic&quot;}\">\n\t\t\t\t\t\t\t<div class=\"elementor-background-overlay\"><\/div>\n\t\t\t\t\t\t\t<div class=\"elementor-container elementor-column-gap-default\">\n\t\t\t\t\t<div class=\"elementor-column elementor-col-100 elementor-top-column elementor-element elementor-element-2a54c3aa\" data-id=\"2a54c3aa\" data-element_type=\"column\" data-settings=\"{&quot;background_background&quot;:&quot;classic&quot;}\">\n\t\t\t<div class=\"elementor-widget-wrap elementor-element-populated\">\n\t\t\t\t\t<div class=\"elementor-background-overlay\"><\/div>\n\t\t\t\t\t\t<div class=\"elementor-element elementor-element-cb05f3c elementor-widget elementor-widget-heading\" data-id=\"cb05f3c\" data-element_type=\"widget\" data-widget_type=\"heading.default\">\n\t\t\t\t<div class=\"elementor-widget-container\">\n\t\t\t\t\t<h1 class=\"elementor-heading-title elementor-size-default\"><p style=\"margin: 0cm;font-size: medium;font-family: Cambria, serif;color: black;border-style: none;font-style: normal;text-transform: none\"><span style=\", sans-serif;font-size: 2.75rem;font-style: italic;text-transform: uppercase\">Violeta Smailovic-Huart<br>Violoniste<\/span><\/p><\/h1>\t\t\t\t<\/div>\n\t\t\t\t<\/div>\n\t\t\t\t<div class=\"elementor-element elementor-element-aadd3a1 elementor-widget elementor-widget-text-editor\" data-id=\"aadd3a1\" data-element_type=\"widget\" data-widget_type=\"text-editor.default\">\n\t\t\t\t<div class=\"elementor-widget-container\">\n\t\t\t\t\t\t\t\t\t<p><em>&#8220;<strong>Une artiste charismatique avec une personnalit\u00e9 fascinante, un son aux mille couleurs, une technique parfaite et une \u00e9nergie in\u00e9puisable. Violeta est une heureuse symbiose entre la musicalit\u00e9 inn\u00e9e et une excellente \u00e9ducation musicale.<\/strong>\u201d (\u00e9crit par Bosiljka Peric-Kempf, Novi List, Croatie).<\/em><\/p><p><span style=\"font-size: 1rem; font-style: inherit;\">Apr\u00e8s de brillantes \u00e9tudes, elle a \u00e9t\u00e9 personnellement remarqu\u00e9e par <\/span><strong style=\"font-size: 1rem; font-style: inherit;\">Sir Yehudi Menuhin<\/strong><span style=\"font-size: 1rem; font-style: inherit;\"> et a rapidement d\u00e9velopp\u00e9 une solide carri\u00e8re internationale en se produisant dans de nombreux pays europ\u00e9ens, aux \u00c9tats-Unis et en Asie (dans de grandes salles telles que le Concertgebow Hall d'Amsterdam, le Rachmaninoff Hall \u00e0 Moscou, la salle Gaveau de Paris, la cath\u00e9drale Saint-Jean de New York, le Morton Meyerson Symphony Center \u00e0 Dallas pour n'en nommer que quelques-unes). Elle a \u00e9galement \u00e9t\u00e9 invit\u00e9e par le Palais du Roi du Maroc \u00e0 se produire et \u00e0 former les jeunes violonistes les plus talentueux de ce pays.<\/span><\/p><p>Creatrice de \"<strong>Music On The String<\/strong>\" (Festivals, Master Classes), Violeta Smailovic-Huart est rest\u00e9e tr\u00e8s active m\u00eame en p\u00e9riode de pand\u00e9mie. Apr\u00e8s une s\u00e9rie de concerts \"Beethoven 250\" dans sa ville natale de Sarajevo, elle a lanc\u00e9 le projet \"Grande Pausa\", inspir\u00e9 par les crises culturelles actuelles du monde, qui combine des concerts, des conf\u00e9rences et des Master Classes de professionnels de renomm\u00e9e internationale (interpr\u00e8tes, compositeurs et musicologues).<\/p><p>Actuellement, Violeta occupe un poste de professeur de violon \u00e0 la prestigieuse Acad\u00e9mie de Musique \"<strong>Schola Cantorum<\/strong>\" \u00e0 Paris car elle a toujours eu \u00e0 c\u0153ur de transmettre son savoir-faire aux jeunes violonistes. Elle attire un grand nombre d'\u00e9tudiants internationaux talentueux et est souvent invit\u00e9e en tant que juge dans des jurys internationaux.<\/p><p>N\u00e9e dans une famille de musiciens renomm\u00e9s (15 membres de sa famille sont des musiciens \u00e0 vocation professionnelle), elle donna plus de 250 concerts dans son enfance en tant que membre et soliste de l'ensemble familial \"<strong>Musica Ad Hominem<\/strong>\". \u00c0 5 ans, elle donna sa premi\u00e8re repr\u00e9sentation en direct \u00e0 la t\u00e9l\u00e9vision. \u00c0 11 ans, elle joua en tant que soliste avec l'Orchestre philharmonique de Sarajevo. \u00c0 18 ans, elle obtenu son dipl\u00f4me de baccalaur\u00e9at de l'Acad\u00e9mie des arts de Novi Sad. Ses \u00e9tudes de troisi\u00e8me cycle l'ont men\u00e9e au <strong>Conservatoire National Sup\u00e9rieure de la Musique et de la Dance de Paris<\/strong> (Cycle de Perfectionnement), Academia Internazionale di Musica a Portogruaro - Venezia (Diploma di Concertista) et Meadows School of Music \u00e0 SMU \u00e0 Dallas (Certificat d\u2019artiste et Master). \u00c9lu \"<strong>Meilleur jeune musicien de Yougoslavie<\/strong>\", elle a \u00e9t\u00e9 laur\u00e9ate de la Fondation Sir Yehudi Menuhin (Paris) et de la <strong>Sasakawa Peace Foundation<\/strong> (Japon). Avec le pianiste Sergio De Simone, elle a remport\u00e9 le <strong>Prix Sp\u00e9cial INCE<\/strong> au Concours International \"Trio de Trieste\" (Italie).<\/p><p>Over time she has acquired a growing maturity by combining her intense personality with the best of what her excellent teachers, representing leading Russian, French and US violin schools offered (Ilya Grubert, Pavel Vernikov, Emanuel Borok, Evgenija Cugaeva, Tamara Smirnova). On stage, either as a soloist or ensemble member, she had the chance to collaborate with some great artists including Ricardo Mutti, Sergiu Comisiona, Itzak Perlman, Itzak Stern, Konstantin Bogino, Sergio De Simone, Benedict Clockner, Manfred Stilz, Vasilij Shcherbakov<span style=\"font-style: inherit;\">\u00a0and many others.<\/span><\/p><p>Excellente interpr\u00e8te de musique contemporaine (Berio Sequenza, Sciarrino Capriccios, etc.), elle a enregistr\u00e9 pour le label Fnac D.Wilde la composition \u00abCry\u00bb (qui lui est d\u00e9di\u00e9e), et a r\u00e9cemment cr\u00e9\u00e9 un concerto pour violon d'A. Sijaric (qui lui est \u00e9galement d\u00e9di\u00e9).<\/p><p>Violeta Smailovic-Huart plays on an instrument made by famous Italian violin maker Enrico Rocca. She speaks fluent English, Italian, French, Russian, Slovenian, and Bosnian<\/p>\t\t\t\t\t\t\t\t<\/div>\n\t\t\t\t<\/div>\n\t\t\t\t\t<\/div>\n\t\t<\/div>\n\t\t\t\t\t<\/div>\n\t\t<\/section>\n\t\t\t\t<\/div>","protected":false},"excerpt":{"rendered":"<p>Violeta Smailovic-HuartViolinist &#8220;A charismatic artist with a fascinating personality, a sound of a thousand colors, a perfect technique and inexhaustible energy. Violeta is a happy symbiosis between innate musicality and an excellent musical education&#8221; (written by Bosiljka Peric-Kempf, Novi List, Croatia). Following her brilliant studies she was personally noticed by Sir Yehudi Menuhin and quickly [&hellip;]<\/p>","protected":false},"author":1,"featured_media":0,"parent":0,"menu_order":0,"comment_status":"closed","ping_status":"closed","template":"","meta":{"site-sidebar-layout":"default","site-content-layout":"","ast-site-content-layout":"default","site-content-style":"default","site-sidebar-style":"default","ast-global-header-display":"","ast-banner-title-visibility":"","ast-main-header-display":"","ast-hfb-above-header-display":"","ast-hfb-below-header-display":"","ast-hfb-mobile-header-display":"","site-post-title":"","ast-breadcrumbs-content":"","ast-featured-img":"","footer-sml-layout":"","theme-transparent-header-meta":"","adv-header-id-meta":"","stick-header-meta":"","header-above-stick-meta":"","header-main-stick-meta":"","header-below-stick-meta":"","astra-migrate-meta-layouts":"default","ast-page-background-enabled":"default","ast-page-background-meta":{"desktop":{"background-color":"var(--ast-global-color-4)","background-image":"","background-repeat":"repeat","background-position":"center center","background-size":"auto","background-attachment":"scroll","background-type":"","background-media":"","overlay-type":"","overlay-color":"","overlay-opacity":"","overlay-gradient":""},"tablet":{"background-color":"","background-image":"","background-repeat":"repeat","background-position":"center center","background-size":"auto","background-attachment":"scroll","background-type":"","background-media":"","overlay-type":"","overlay-color":"","overlay-opacity":"","overlay-gradient":""},"mobile":{"background-color":"","background-image":"","background-repeat":"repeat","background-position":"center center","background-size":"auto","background-attachment":"scroll","background-type":"","background-media":"","overlay-type":"","overlay-color":"","overlay-opacity":"","overlay-gradient":""}},"ast-content-background-meta":{"desktop":{"background-color":"var(--ast-global-color-5)","background-image":"","background-repeat":"repeat","background-position":"center center","background-size":"auto","background-attachment":"scroll","background-type":"","background-media":"","overlay-type":"","overlay-color":"","overlay-opacity":"","overlay-gradient":""},"tablet":{"background-color":"var(--ast-global-color-5)","background-image":"","background-repeat":"repeat","background-position":"center center","background-size":"auto","background-attachment":"scroll","background-type":"","background-media":"","overlay-type":"","overlay-color":"","overlay-opacity":"","overlay-gradient":""},"mobile":{"background-color":"var(--ast-global-color-5)","background-image":"","background-repeat":"repeat","background-position":"center center","background-size":"auto","background-attachment":"scroll","background-type":"","background-media":"","overlay-type":"","overlay-color":"","overlay-opacity":"","overlay-gradient":""}},"footnotes":""},"class_list":["post-1019","page","type-page","status-publish","hentry"],"yoast_head":"<!-- This site is optimized with the Yoast SEO plugin v26.0 - https:\/\/yoast.com\/wordpress\/plugins\/seo\/ -->\n<title>Biography - Music On The String<\/title>\n<meta name=\"robots\" content=\"index, follow, max-snippet:-1, max-image-preview:large, max-video-preview:-1\" \/>\n<link rel=\"canonical\" href=\"https:\/\/musiconthestring.com\/fr\/biography\/\" \/>\n<meta property=\"og:locale\" content=\"fr_FR\" \/>\n<meta property=\"og:type\" content=\"article\" \/>\n<meta property=\"og:title\" content=\"Biography - Music On The String\" \/>\n<meta property=\"og:description\" content=\"Violeta Smailovic-HuartViolinist &#8220;A charismatic artist with a fascinating personality, a sound of a thousand colors, a perfect technique and inexhaustible energy. Violeta is a happy symbiosis between innate musicality and an excellent musical education&#8221; (written by Bosiljka Peric-Kempf, Novi List, Croatia). Following her brilliant studies she was personally noticed by Sir Yehudi Menuhin and quickly [&hellip;]\" \/>\n<meta property=\"og:url\" content=\"https:\/\/musiconthestring.com\/fr\/biography\/\" \/>\n<meta property=\"og:site_name\" content=\"Music On The String\" \/>\n<meta property=\"article:modified_time\" content=\"2023-11-26T21:04:39+00:00\" \/>\n<meta name=\"twitter:card\" content=\"summary_large_image\" \/>\n<meta name=\"twitter:label1\" content=\"Dur\u00e9e de lecture estim\u00e9e\" \/>\n\t<meta name=\"twitter:data1\" content=\"3 minutes\" \/>\n<script type=\"application\/ld+json\" class=\"yoast-schema-graph\">{\"@context\":\"https:\/\/schema.org\",\"@graph\":[{\"@type\":\"WebPage\",\"@id\":\"https:\/\/musiconthestring.com\/biography\/\",\"url\":\"https:\/\/musiconthestring.com\/biography\/\",\"name\":\"Biography - Music On The String\",\"isPartOf\":{\"@id\":\"https:\/\/musiconthestring.com\/#website\"},\"datePublished\":\"2021-03-21T21:19:16+00:00\",\"dateModified\":\"2023-11-26T21:04:39+00:00\",\"breadcrumb\":{\"@id\":\"https:\/\/musiconthestring.com\/biography\/#breadcrumb\"},\"inLanguage\":\"fr-FR\",\"potentialAction\":[{\"@type\":\"ReadAction\",\"target\":[\"https:\/\/musiconthestring.com\/biography\/\"]}]},{\"@type\":\"BreadcrumbList\",\"@id\":\"https:\/\/musiconthestring.com\/biography\/#breadcrumb\",\"itemListElement\":[{\"@type\":\"ListItem\",\"position\":1,\"name\":\"Home\",\"item\":\"https:\/\/musiconthestring.com\/\"},{\"@type\":\"ListItem\",\"position\":2,\"name\":\"Biography\"}]},{\"@type\":\"WebSite\",\"@id\":\"https:\/\/musiconthestring.com\/#website\",\"url\":\"https:\/\/musiconthestring.com\/\",\"name\":\"Music On The String\",\"description\":\"Artistic and Pedagogic Activities\",\"potentialAction\":[{\"@type\":\"SearchAction\",\"target\":{\"@type\":\"EntryPoint\",\"urlTemplate\":\"https:\/\/musiconthestring.com\/?s={search_term_string}\"},\"query-input\":{\"@type\":\"PropertyValueSpecification\",\"valueRequired\":true,\"valueName\":\"search_term_string\"}}],\"inLanguage\":\"fr-FR\"}]}<\/script>\n<!-- \/ Yoast SEO plugin. -->","yoast_head_json":{"title":"Biography - Music On The String","robots":{"index":"index","follow":"follow","max-snippet":"max-snippet:-1","max-image-preview":"max-image-preview:large","max-video-preview":"max-video-preview:-1"},"canonical":"https:\/\/musiconthestring.com\/fr\/biography\/","og_locale":"fr_FR","og_type":"article","og_title":"Biography - Music On The String","og_description":"Violeta Smailovic-HuartViolinist &#8220;A charismatic artist with a fascinating personality, a sound of a thousand colors, a perfect technique and inexhaustible energy. Violeta is a happy symbiosis between innate musicality and an excellent musical education&#8221; (written by Bosiljka Peric-Kempf, Novi List, Croatia). Following her brilliant studies she was personally noticed by Sir Yehudi Menuhin and quickly [&hellip;]","og_url":"https:\/\/musiconthestring.com\/fr\/biography\/","og_site_name":"Music On The String","article_modified_time":"2023-11-26T21:04:39+00:00","twitter_card":"summary_large_image","twitter_misc":{"Dur\u00e9e de lecture estim\u00e9e":"3 minutes"},"schema":{"@context":"https:\/\/schema.org","@graph":[{"@type":"WebPage","@id":"https:\/\/musiconthestring.com\/biography\/","url":"https:\/\/musiconthestring.com\/biography\/","name":"Biography - Music On The String","isPartOf":{"@id":"https:\/\/musiconthestring.com\/#website"},"datePublished":"2021-03-21T21:19:16+00:00","dateModified":"2023-11-26T21:04:39+00:00","breadcrumb":{"@id":"https:\/\/musiconthestring.com\/biography\/#breadcrumb"},"inLanguage":"fr-FR","potentialAction":[{"@type":"ReadAction","target":["https:\/\/musiconthestring.com\/biography\/"]}]},{"@type":"BreadcrumbList","@id":"https:\/\/musiconthestring.com\/biography\/#breadcrumb","itemListElement":[{"@type":"ListItem","position":1,"name":"Home","item":"https:\/\/musiconthestring.com\/"},{"@type":"ListItem","position":2,"name":"Biography"}]},{"@type":"WebSite","@id":"https:\/\/musiconthestring.com\/#website","url":"https:\/\/musiconthestring.com\/","name":"Music On The String","description":"Artistic and Pedagogic Activities","potentialAction":[{"@type":"SearchAction","target":{"@type":"EntryPoint","urlTemplate":"https:\/\/musiconthestring.com\/?s={search_term_string}"},"query-input":{"@type":"PropertyValueSpecification","valueRequired":true,"valueName":"search_term_string"}}],"inLanguage":"fr-FR"}]}},"jetpack_sharing_enabled":true,"_links":{"self":[{"href":"https:\/\/musiconthestring.com\/fr\/wp-json\/wp\/v2\/pages\/1019","targetHints":{"allow":["GET"]}}],"collection":[{"href":"https:\/\/musiconthestring.com\/fr\/wp-json\/wp\/v2\/pages"}],"about":[{"href":"https:\/\/musiconthestring.com\/fr\/wp-json\/wp\/v2\/types\/page"}],"author":[{"embeddable":true,"href":"https:\/\/musiconthestring.com\/fr\/wp-json\/wp\/v2\/users\/1"}],"replies":[{"embeddable":true,"href":"https:\/\/musiconthestring.com\/fr\/wp-json\/wp\/v2\/comments?post=1019"}],"version-history":[{"count":0,"href":"https:\/\/musiconthestring.com\/fr\/wp-json\/wp\/v2\/pages\/1019\/revisions"}],"wp:attachment":[{"href":"https:\/\/musiconthestring.com\/fr\/wp-json\/wp\/v2\/media?parent=1019"}],"curies":[{"name":"wp","href":"https:\/\/api.w.org\/{rel}","templated":true}]}}